{"id":9,"date":"2024-07-18T15:42:49","date_gmt":"2024-07-18T15:42:49","guid":{"rendered":"https:\/\/edanstudios.com\/?page_id=9"},"modified":"2025-07-17T16:21:28","modified_gmt":"2025-07-17T16:21:28","slug":"concept","status":"publish","type":"page","link":"https:\/\/edanstudios.com\/es\/concept\/","title":{"rendered":"CONCEPTO"},"content":{"rendered":"","protected":false},"excerpt":{"rendered":"","protected":false},"author":1,"featured_media":0,"parent":0,"menu_order":0,"comment_status":"closed","ping_status":"closed","template":"templates\/concept.php","meta":{"_acf_changed":false,"footnotes":""},"categoria":[],"class_list":["post-9","page","type-page","status-publish","hentry"],"acf":[],"yoast_head":"<!-- This site is optimized with the Yoast SEO plugin v25.3.1 - https:\/\/yoast.com\/wordpress\/plugins\/seo\/ -->\n<title>Concept - EDAN STUDIOS<\/title>\n<meta name=\"description\" content=\"EDAN STUDIOS es la experiencia \u00fanica que estabas buscando. Mucho m\u00e1s que sesiones grupales o individuales, encontrar\u00e1s tu comunidad. Un espacio donde te sentir\u00e1s como en casa.\" \/>\n<meta name=\"robots\" content=\"index, follow, max-snippet:-1, max-image-preview:large, max-video-preview:-1\" \/>\n<link rel=\"canonical\" href=\"https:\/\/edanstudios.com\/es\/concept\/\" \/>\n<meta property=\"og:locale\" content=\"es_ES\" \/>\n<meta property=\"og:type\" content=\"article\" \/>\n<meta property=\"og:title\" content=\"Concept - EDAN STUDIOS\" \/>\n<meta property=\"og:description\" content=\"EDAN STUDIOS es la experiencia \u00fanica que estabas buscando. Mucho m\u00e1s que sesiones grupales o individuales, encontrar\u00e1s tu comunidad. Un espacio donde te sentir\u00e1s como en casa.\" \/>\n<meta property=\"og:url\" content=\"https:\/\/edanstudios.com\/es\/concept\/\" \/>\n<meta property=\"og:site_name\" content=\"EDAN STUDIOS\" \/>\n<meta property=\"article:modified_time\" content=\"2025-07-17T16:21:28+00:00\" \/>\n<meta name=\"twitter:card\" content=\"summary_large_image\" \/>\n<script type=\"application\/ld+json\" class=\"yoast-schema-graph\">{\"@context\":\"https:\/\/schema.org\",\"@graph\":[{\"@type\":\"WebPage\",\"@id\":\"https:\/\/edanstudios.com\/concept\/\",\"url\":\"https:\/\/edanstudios.com\/concept\/\",\"name\":\"Concept - EDAN STUDIOS\",\"isPartOf\":{\"@id\":\"https:\/\/edanstudios.com\/#website\"},\"datePublished\":\"2024-07-18T15:42:49+00:00\",\"dateModified\":\"2025-07-17T16:21:28+00:00\",\"description\":\"EDAN STUDIOS es la experiencia \u00fanica que estabas buscando. Mucho m\u00e1s que sesiones grupales o individuales, encontrar\u00e1s tu comunidad. Un espacio donde te sentir\u00e1s como en casa.\",\"breadcrumb\":{\"@id\":\"https:\/\/edanstudios.com\/concept\/#breadcrumb\"},\"inLanguage\":\"es\",\"potentialAction\":[{\"@type\":\"ReadAction\",\"target\":[\"https:\/\/edanstudios.com\/concept\/\"]}]},{\"@type\":\"BreadcrumbList\",\"@id\":\"https:\/\/edanstudios.com\/concept\/#breadcrumb\",\"itemListElement\":[{\"@type\":\"ListItem\",\"position\":1,\"name\":\"Home\",\"item\":\"https:\/\/edanstudios.com\/\"},{\"@type\":\"ListItem\",\"position\":2,\"name\":\"Concept\"}]},{\"@type\":\"WebSite\",\"@id\":\"https:\/\/edanstudios.com\/#website\",\"url\":\"https:\/\/edanstudios.com\/\",\"name\":\"EDAN STUDIOS\",\"description\":\"Joy of Movement\",\"potentialAction\":[{\"@type\":\"SearchAction\",\"target\":{\"@type\":\"EntryPoint\",\"urlTemplate\":\"https:\/\/edanstudios.com\/?s={search_term_string}\"},\"query-input\":{\"@type\":\"PropertyValueSpecification\",\"valueRequired\":true,\"valueName\":\"search_term_string\"}}],\"inLanguage\":\"es\"}]}<\/script>\n<!-- \/ Yoast SEO plugin. -->","yoast_head_json":{"title":"Concept - EDAN STUDIOS","description":"EDAN STUDIOS es la experiencia \u00fanica que estabas buscando. Mucho m\u00e1s que sesiones grupales o individuales, encontrar\u00e1s tu comunidad. Un espacio donde te sentir\u00e1s como en casa.","robots":{"index":"index","follow":"follow","max-snippet":"max-snippet:-1","max-image-preview":"max-image-preview:large","max-video-preview":"max-video-preview:-1"},"canonical":"https:\/\/edanstudios.com\/es\/concept\/","og_locale":"es_ES","og_type":"article","og_title":"Concept - EDAN STUDIOS","og_description":"EDAN STUDIOS es la experiencia \u00fanica que estabas buscando. Mucho m\u00e1s que sesiones grupales o individuales, encontrar\u00e1s tu comunidad. Un espacio donde te sentir\u00e1s como en casa.","og_url":"https:\/\/edanstudios.com\/es\/concept\/","og_site_name":"EDAN STUDIOS","article_modified_time":"2025-07-17T16:21:28+00:00","twitter_card":"summary_large_image","schema":{"@context":"https:\/\/schema.org","@graph":[{"@type":"WebPage","@id":"https:\/\/edanstudios.com\/concept\/","url":"https:\/\/edanstudios.com\/concept\/","name":"Concept - EDAN STUDIOS","isPartOf":{"@id":"https:\/\/edanstudios.com\/#website"},"datePublished":"2024-07-18T15:42:49+00:00","dateModified":"2025-07-17T16:21:28+00:00","description":"EDAN STUDIOS es la experiencia \u00fanica que estabas buscando. Mucho m\u00e1s que sesiones grupales o individuales, encontrar\u00e1s tu comunidad. Un espacio donde te sentir\u00e1s como en casa.","breadcrumb":{"@id":"https:\/\/edanstudios.com\/concept\/#breadcrumb"},"inLanguage":"es","potentialAction":[{"@type":"ReadAction","target":["https:\/\/edanstudios.com\/concept\/"]}]},{"@type":"BreadcrumbList","@id":"https:\/\/edanstudios.com\/concept\/#breadcrumb","itemListElement":[{"@type":"ListItem","position":1,"name":"Home","item":"https:\/\/edanstudios.com\/"},{"@type":"ListItem","position":2,"name":"Concept"}]},{"@type":"WebSite","@id":"https:\/\/edanstudios.com\/#website","url":"https:\/\/edanstudios.com\/","name":"EDAN STUDIOS","description":"Joy of Movement","potentialAction":[{"@type":"SearchAction","target":{"@type":"EntryPoint","urlTemplate":"https:\/\/edanstudios.com\/?s={search_term_string}"},"query-input":{"@type":"PropertyValueSpecification","valueRequired":true,"valueName":"search_term_string"}}],"inLanguage":"es"}]}},"_links":{"self":[{"href":"https:\/\/edanstudios.com\/es\/wp-json\/wp\/v2\/pages\/9","targetHints":{"allow":["GET"]}}],"collection":[{"href":"https:\/\/edanstudios.com\/es\/wp-json\/wp\/v2\/pages"}],"about":[{"href":"https:\/\/edanstudios.com\/es\/wp-json\/wp\/v2\/types\/page"}],"author":[{"embeddable":true,"href":"https:\/\/edanstudios.com\/es\/wp-json\/wp\/v2\/users\/1"}],"replies":[{"embeddable":true,"href":"https:\/\/edanstudios.com\/es\/wp-json\/wp\/v2\/comments?post=9"}],"version-history":[{"count":69,"href":"https:\/\/edanstudios.com\/es\/wp-json\/wp\/v2\/pages\/9\/revisions"}],"predecessor-version":[{"id":1401,"href":"https:\/\/edanstudios.com\/es\/wp-json\/wp\/v2\/pages\/9\/revisions\/1401"}],"wp:attachment":[{"href":"https:\/\/edanstudios.com\/es\/wp-json\/wp\/v2\/media?parent=9"}],"wp:term":[{"taxonomy":"categoria","embeddable":true,"href":"https:\/\/edanstudios.com\/es\/wp-json\/wp\/v2\/categoria?post=9"}],"curies":[{"name":"wp","href":"https:\/\/api.w.org\/{rel}","templated":true}]}}